{"id":13,"date":"2021-06-18T05:33:49","date_gmt":"2021-06-18T05:33:49","guid":{"rendered":"http:\/\/gruporitar.com.mx\/?page_id=13"},"modified":"2023-07-22T08:36:24","modified_gmt":"2023-07-22T08:36:24","slug":"empresa","status":"publish","type":"page","link":"http:\/\/gruporitar.com.mx\/?page_id=13","title":{"rendered":"Empresa"},"content":{"rendered":"<p>[et_pb_section fb_built=&#8221;1&#8243; _builder_version=&#8221;4.16&#8243; _module_preset=&#8221;default&#8221; background_image=&#8221;http:\/\/gruporitar.com.mx\/wp-content\/uploads\/2021\/06\/el-angel-de-la-independencia-reforma-min-e1500991862985.jpg&#8221; global_colors_info=&#8221;{}&#8221;][et_pb_row _builder_version=&#8221;4.16&#8243; _module_preset=&#8221;default&#8221; global_colors_info=&#8221;{}&#8221;][et_pb_column type=&#8221;4_4&#8243; _builder_version=&#8221;4.16&#8243; _module_preset=&#8221;default&#8221; global_colors_info=&#8221;{}&#8221;][et_pb_text _builder_version=&#8221;4.16&#8243; _module_preset=&#8221;default&#8221; text_font=&#8221;Raleway|700|||||||&#8221; text_text_color=&#8221;#FFFFFF&#8221; text_font_size=&#8221;33px&#8221; global_colors_info=&#8221;{}&#8221;]<\/p>\n<p>NUESTRA EMPRESA<\/p>\n<p>[\/et_pb_text][\/et_pb_column][\/et_pb_row][\/et_pb_section][et_pb_section fb_built=&#8221;1&#8243; _builder_version=&#8221;4.16&#8243; _module_preset=&#8221;default&#8221; global_colors_info=&#8221;{}&#8221;][et_pb_row column_structure=&#8221;1_4,3_4&#8243; _builder_version=&#8221;4.16&#8243; _module_preset=&#8221;default&#8221; global_colors_info=&#8221;{}&#8221;][et_pb_column type=&#8221;1_4&#8243; _builder_version=&#8221;4.16&#8243; _module_preset=&#8221;default&#8221; global_colors_info=&#8221;{}&#8221;][et_pb_image src=&#8221;http:\/\/gruporitar.com.mx\/wp-content\/uploads\/2021\/06\/logo-GIESA_rcpowt4q-150&#215;150-1.png&#8221; title_text=&#8221;logo-GIESA_rcpowt4q&#8221; align_tablet=&#8221;&#8221; align_phone=&#8221;center&#8221; align_last_edited=&#8221;on|phone&#8221; _builder_version=&#8221;4.16&#8243; _module_preset=&#8221;default&#8221; width_tablet=&#8221;&#8221; width_phone=&#8221;40%&#8221; width_last_edited=&#8221;on|phone&#8221; module_alignment_tablet=&#8221;&#8221; module_alignment_phone=&#8221;center&#8221; module_alignment_last_edited=&#8221;on|phone&#8221; global_colors_info=&#8221;{}&#8221;][\/et_pb_image][et_pb_image src=&#8221;http:\/\/gruporitar.com.mx\/wp-content\/uploads\/2021\/06\/RITAR-copia-150&#215;150-1.png&#8221; title_text=&#8221;RITAR&#8212;copia&#8221; align_tablet=&#8221;&#8221; align_phone=&#8221;center&#8221; align_last_edited=&#8221;on|phone&#8221; _builder_version=&#8221;4.16&#8243; _module_preset=&#8221;default&#8221; width_tablet=&#8221;&#8221; width_phone=&#8221;40%&#8221; width_last_edited=&#8221;on|phone&#8221; module_alignment_tablet=&#8221;&#8221; module_alignment_phone=&#8221;center&#8221; module_alignment_last_edited=&#8221;on|phone&#8221; global_colors_info=&#8221;{}&#8221;][\/et_pb_image][\/et_pb_column][et_pb_column type=&#8221;3_4&#8243; _builder_version=&#8221;4.16&#8243; _module_preset=&#8221;default&#8221; global_colors_info=&#8221;{}&#8221;][et_pb_text _builder_version=&#8221;4.16&#8243; _module_preset=&#8221;default&#8221; text_font=&#8221;Raleway|600|||||||&#8221; text_font_size=&#8221;15px&#8221; text_orientation=&#8221;justified&#8221; custom_margin_tablet=&#8221;&#8221; custom_margin_phone=&#8221;|20px||20px|false|true&#8221; custom_margin_last_edited=&#8221;on|phone&#8221; custom_padding_tablet=&#8221;&#8221; custom_padding_phone=&#8221;|15px||15px|false|true&#8221; custom_padding_last_edited=&#8221;on|phone&#8221; global_colors_info=&#8221;{}&#8221;]<\/p>\n<p><span class=\"cf1\">Empresa 100% Mexicana dedicada a proveer soluciones de energ\u00eda continua, mediante el suministro de bater\u00edas selladas de \u00e1cido<span>\u00a0<\/span><\/span><span class=\"cf1\">plomo de la marca<span>\u00a0<\/span><\/span><span class=\"cf2\" style=\"color: #ff0000;\"><b>RITAR POWER,<\/b><\/span><span class=\"cf1\"><span>\u00a0<\/span>la cual esta posicionada como una de las mejores marcas de bater\u00edas en el mercado, as\u00ed como el mejor costo\/beneficio.<\/span><\/p>\n<p><span class=\"cf1\"><span class=\"ff1\">Somos representantes en M\u00e9xico de<span>\u00a0<\/span><span style=\"color: #ff0000;\"><b><span class=\"cf2\">SHENZHEN RITAR POWER CO LTD<\/span><\/b><\/span>, propietarios de la marca<\/span><span class=\"ff1\"><span class=\"cf2\"><b><span>\u00a0<\/span><span style=\"color: #ff0000;\">RITAR POWER<\/span><\/b><\/span><\/span><span class=\"ff1\">, y es uno de los mayores<span>\u00a0<\/span>fabricantes de bater\u00edas en china y a nivel mundial, cabe mencionar que todas las bater\u00edas<span>\u00a0<\/span><span class=\"cf2\" style=\"color: #ff0000;\"><b>RITAR<\/b><\/span><span>\u00a0<\/span>cuentan con las normas y certificaciones internacionales.<\/span><\/span><\/p>\n<p><span class=\"cf1\"><span class=\"ff1\"><span class=\"cf1 ff1\">Todas nuestras<span>\u00a0<\/span><\/span><span class=\"cf2 ff1\" style=\"color: #ff0000;\"><b>bater\u00edas RITAR,<\/b><\/span><span class=\"cf1 ff1\"><b><span>\u00a0<\/span><\/b>son compatibles en capacidad, dimensiones, bornes y peso, con las diferentes marcas de bater\u00edas que existen en el mercado tales como DINASTY, POWER SONIC, ENERSYS etc.<\/span><\/span><\/span><\/p>\n<p><span class=\"cf1\" style=\"color: #ff0000;\"><span class=\"ff1\"><span class=\"cf1 ff1\"><b>Las bater\u00edas RITAR\u2026<\/b><\/span><\/span><\/span><\/p>\n<p><span class=\"cf1\">Tienen un tiempo<span>\u00a0<\/span><\/span><span class=\"cf3\">con expectativas de vida entre 5 y 15 a\u00f1os<\/span><span class=\"cf1\"><span>\u00a0<\/span>seg\u00fan sus ciclos de descarga, las aplicaciones de estas bater\u00edas en la industria va dirigida para equipos como son UPS, NO BREAK, l\u00e1mparas de emergencia, conmutadores, carritos de golf, sistemas de alarmas y comunicaciones as\u00ed como un sinf\u00edn de usos.<\/span><\/p>\n<p>[\/et_pb_text][\/et_pb_column][\/et_pb_row][\/et_pb_section][et_pb_section fb_built=&#8221;1&#8243; _builder_version=&#8221;4.16&#8243; _module_preset=&#8221;default&#8221; background_color=&#8221;#e2001a&#8221; background_enable_image=&#8221;off&#8221; custom_padding=&#8221;0px||0px|||&#8221; global_colors_info=&#8221;{}&#8221;][et_pb_row _builder_version=&#8221;4.16&#8243; _module_preset=&#8221;default&#8221; global_colors_info=&#8221;{}&#8221;][et_pb_column type=&#8221;4_4&#8243; _builder_version=&#8221;4.16&#8243; _module_preset=&#8221;default&#8221; global_colors_info=&#8221;{}&#8221;][et_pb_text _builder_version=&#8221;4.16&#8243; _module_preset=&#8221;default&#8221; text_font=&#8221;Raleway|800|||||||&#8221; text_text_color=&#8221;#FFFFFF&#8221; text_font_size=&#8221;33px&#8221; text_font_size_tablet=&#8221;&#8221; text_font_size_phone=&#8221;30px&#8221; text_font_size_last_edited=&#8221;on|phone&#8221; text_orientation_tablet=&#8221;&#8221; text_orientation_phone=&#8221;center&#8221; text_orientation_last_edited=&#8221;on|phone&#8221; global_colors_info=&#8221;{}&#8221;]<\/p>\n<p>CERTIFICACIONES<\/p>\n<p>[\/et_pb_text][\/et_pb_column][\/et_pb_row][\/et_pb_section][et_pb_section fb_built=&#8221;1&#8243; _builder_version=&#8221;4.16&#8243; _module_preset=&#8221;default&#8221; global_colors_info=&#8221;{}&#8221;][et_pb_row column_structure=&#8221;1_6,1_6,1_6,1_6,1_6,1_6&#8243; use_custom_gutter=&#8221;on&#8221; gutter_width=&#8221;2&#8243; _builder_version=&#8221;4.16&#8243; _module_preset=&#8221;default&#8221; width=&#8221;100%&#8221; global_colors_info=&#8221;{}&#8221;][et_pb_column type=&#8221;1_6&#8243; _builder_version=&#8221;4.16&#8243; _module_preset=&#8221;default&#8221; global_colors_info=&#8221;{}&#8221;][et_pb_image src=&#8221;http:\/\/gruporitar.com.mx\/wp-content\/uploads\/2021\/06\/CertRitar_001.jpg&#8221; title_text=&#8221;CertRitar_001&#8243; _builder_version=&#8221;4.16&#8243; _module_preset=&#8221;default&#8221; global_colors_info=&#8221;{}&#8221;][\/et_pb_image][et_pb_image src=&#8221;http:\/\/gruporitar.com.mx\/wp-content\/uploads\/2021\/06\/unnamed.jpg&#8221; title_text=&#8221;unnamed&#8221; _builder_version=&#8221;4.16&#8243; _module_preset=&#8221;default&#8221; global_colors_info=&#8221;{}&#8221;][\/et_pb_image][\/et_pb_column][et_pb_column type=&#8221;1_6&#8243; _builder_version=&#8221;4.16&#8243; _module_preset=&#8221;default&#8221; global_colors_info=&#8221;{}&#8221;][et_pb_image src=&#8221;http:\/\/gruporitar.com.mx\/wp-content\/uploads\/2021\/06\/CertRitar_002.jpg&#8221; title_text=&#8221;CertRitar_002&#8243; _builder_version=&#8221;4.16&#8243; _module_preset=&#8221;default&#8221; global_colors_info=&#8221;{}&#8221;][\/et_pb_image][et_pb_image src=&#8221;http:\/\/gruporitar.com.mx\/wp-content\/uploads\/2021\/06\/unnamed-3-.jpg&#8221; title_text=&#8221;unnamed&#8211;3-&#8221; _builder_version=&#8221;4.16&#8243; _module_preset=&#8221;default&#8221; global_colors_info=&#8221;{}&#8221;][\/et_pb_image][\/et_pb_column][et_pb_column type=&#8221;1_6&#8243; _builder_version=&#8221;4.16&#8243; _module_preset=&#8221;default&#8221; global_colors_info=&#8221;{}&#8221;][et_pb_image src=&#8221;http:\/\/gruporitar.com.mx\/wp-content\/uploads\/2021\/06\/CertRitar_003.jpg&#8221; title_text=&#8221;CertRitar_003&#8243; _builder_version=&#8221;4.16&#8243; _module_preset=&#8221;default&#8221; global_colors_info=&#8221;{}&#8221;][\/et_pb_image][et_pb_image src=&#8221;http:\/\/gruporitar.com.mx\/wp-content\/uploads\/2021\/06\/ce.jpg&#8221; title_text=&#8221;ce&#8221; align_tablet=&#8221;&#8221; align_phone=&#8221;center&#8221; align_last_edited=&#8221;on|phone&#8221; _builder_version=&#8221;4.16&#8243; _module_preset=&#8221;default&#8221; global_colors_info=&#8221;{}&#8221;][\/et_pb_image][et_pb_image src=&#8221;http:\/\/gruporitar.com.mx\/wp-content\/uploads\/2021\/06\/ru.jpg&#8221; title_text=&#8221;ru&#8221; align_tablet=&#8221;&#8221; align_phone=&#8221;center&#8221; align_last_edited=&#8221;on|phone&#8221; _builder_version=&#8221;4.16&#8243; _module_preset=&#8221;default&#8221; global_colors_info=&#8221;{}&#8221;][\/et_pb_image][\/et_pb_column][et_pb_column type=&#8221;1_6&#8243; _builder_version=&#8221;4.16&#8243; _module_preset=&#8221;default&#8221; global_colors_info=&#8221;{}&#8221;][et_pb_image src=&#8221;http:\/\/gruporitar.com.mx\/wp-content\/uploads\/2021\/06\/CertRitar_005.jpg&#8221; title_text=&#8221;CertRitar_005&#8243; _builder_version=&#8221;4.16&#8243; _module_preset=&#8221;default&#8221; global_colors_info=&#8221;{}&#8221;][\/et_pb_image][\/et_pb_column][et_pb_column type=&#8221;1_6&#8243; _builder_version=&#8221;4.16&#8243; _module_preset=&#8221;default&#8221; global_colors_info=&#8221;{}&#8221;][et_pb_image src=&#8221;http:\/\/gruporitar.com.mx\/wp-content\/uploads\/2021\/06\/unnamed-1-.jpg&#8221; title_text=&#8221;unnamed&#8211;1-&#8221; _builder_version=&#8221;4.16&#8243; _module_preset=&#8221;default&#8221; global_colors_info=&#8221;{}&#8221;][\/et_pb_image][\/et_pb_column][et_pb_column type=&#8221;1_6&#8243; _builder_version=&#8221;4.16&#8243; _module_preset=&#8221;default&#8221; global_colors_info=&#8221;{}&#8221;][et_pb_image src=&#8221;http:\/\/gruporitar.com.mx\/wp-content\/uploads\/2021\/06\/unnamed-2-.jpg&#8221; title_text=&#8221;unnamed&#8211;2-&#8221; _builder_version=&#8221;4.16&#8243; _module_preset=&#8221;default&#8221; global_colors_info=&#8221;{}&#8221;][\/et_pb_image][\/et_pb_column][\/et_pb_row][\/et_pb_section][et_pb_section fb_built=&#8221;1&#8243; _builder_version=&#8221;4.16&#8243; _module_preset=&#8221;default&#8221; use_background_color_gradient=&#8221;on&#8221; background_color_gradient_stops=&#8221;#262626 0%|#0a0a0a 100%&#8221; background_color_gradient_start=&#8221;#262626&#8243; background_color_gradient_end=&#8221;#0a0a0a&#8221; min_height=&#8221;289px&#8221; custom_padding=&#8221;6px||0px|||&#8221; global_colors_info=&#8221;{}&#8221;][et_pb_row column_structure=&#8221;1_5,3_5,1_5&#8243; _builder_version=&#8221;4.16&#8243; _module_preset=&#8221;default&#8221; custom_margin=&#8221;|auto|-36px|auto||&#8221; custom_padding=&#8221;||5px|||&#8221; global_colors_info=&#8221;{}&#8221;][et_pb_column type=&#8221;1_5&#8243; _builder_version=&#8221;4.16&#8243; _module_preset=&#8221;default&#8221; global_colors_info=&#8221;{}&#8221;][et_pb_image src=&#8221;http:\/\/gruporitar.com.mx\/wp-content\/uploads\/2021\/06\/logo-GIESA.png&#8221; title_text=&#8221;logo-GIESA&#8221; align=&#8221;center&#8221; _builder_version=&#8221;4.16&#8243; _module_preset=&#8221;default&#8221; custom_margin=&#8221;||45px|||&#8221; global_colors_info=&#8221;{}&#8221;][\/et_pb_image][et_pb_text _builder_version=&#8221;4.16&#8243; _module_preset=&#8221;default&#8221; text_font=&#8221;Raleway||||||||&#8221; text_text_color=&#8221;#FFFFFF&#8221; text_font_size=&#8221;15px&#8221; text_orientation=&#8221;center&#8221; custom_margin=&#8221;||15px|||&#8221; global_colors_info=&#8221;{}&#8221;]<\/p>\n<p>AVISO DE PRIVACIDAD<span> <\/span><\/p>\n<p>[\/et_pb_text][\/et_pb_column][et_pb_column type=&#8221;3_5&#8243; _builder_version=&#8221;4.16&#8243; _module_preset=&#8221;default&#8221; global_colors_info=&#8221;{}&#8221;][et_pb_text _builder_version=&#8221;4.16&#8243; _module_preset=&#8221;default&#8221; text_font=&#8221;Raleway||||||||&#8221; text_text_color=&#8221;#FFFFFF&#8221; text_font_size=&#8221;13px&#8221; text_orientation=&#8221;center&#8221; custom_margin=&#8221;50px||||false|false&#8221; global_colors_info=&#8221;{}&#8221;]<\/p>\n<div id=\"imFooter_imObjectTitle_03_wrapper\" class=\"template-object-wrapper\">\n<div id=\"imFooter_imCell_3\" class=\"\">\n<div id=\"imFooter_imCellStyle_3\">\n<div id=\"imFooter_imObjectTitle_03\"><span id=\"imFooter_imObjectTitle_03_text\">Playa Villa del Mar No. 149 <\/span><\/div>\n<\/div>\n<\/div>\n<\/div>\n<div id=\"imFooter_imObjectTitle_04_wrapper\" class=\"template-object-wrapper\">\n<div id=\"imFooter_imCell_4\" class=\"\">\n<div id=\"imFooter_imCellStyleGraphics_4\"><\/div>\n<div id=\"imFooter_imCellStyle_4\">\n<div id=\"imFooter_imObjectTitle_04\"><span id=\"imFooter_imObjectTitle_04_text\">Col. Militar Marte, C.P. 08830 <\/span><\/div>\n<\/div>\n<\/div>\n<\/div>\n<div id=\"imFooter_imObjectTitle_05_wrapper\" class=\"template-object-wrapper\">\n<div id=\"imFooter_imCell_5\" class=\"\">\n<div id=\"imFooter_imCellStyleGraphics_5\"><\/div>\n<div id=\"imFooter_imCellStyle_5\">\n<div id=\"imFooter_imObjectTitle_05\"><span id=\"imFooter_imObjectTitle_05_text\">Delegaci\u00f3n Iztacalco, M\u00e9xico D.F. <\/span><\/div>\n<\/div>\n<\/div>\n<\/div>\n<p>[\/et_pb_text][et_pb_code _builder_version=&#8221;4.16&#8243; _module_preset=&#8221;default&#8221; global_colors_info=&#8221;{}&#8221;]<!-- Messenger plugin de chat Code --><!-- [et_pb_line_break_holder] -->    <\/p>\n<div id=\"fb-root\"><\/div>\n<p><!-- [et_pb_line_break_holder] --><!-- [et_pb_line_break_holder] -->    <!-- Your plugin de chat code --><!-- [et_pb_line_break_holder] -->    <\/p>\n<div id=\"fb-customer-chat\" class=\"fb-customerchat\"><!-- [et_pb_line_break_holder] -->    <\/div>\n<p><!-- [et_pb_line_break_holder] --><!-- [et_pb_line_break_holder] -->    <script><!-- [et_pb_line_break_holder] -->      var chatbox = document.getElementById('fb-customer-chat');<!-- [et_pb_line_break_holder] -->      chatbox.setAttribute(\"page_id\", \"914763602040251\");<!-- [et_pb_line_break_holder] -->      chatbox.setAttribute(\"attribution\", \"biz_inbox\");<!-- [et_pb_line_break_holder] --><!-- [et_pb_line_break_holder] -->      window.fbAsyncInit = function() {<!-- [et_pb_line_break_holder] -->        FB.init({<!-- [et_pb_line_break_holder] -->          xfbml            : true,<!-- [et_pb_line_break_holder] -->          version          : 'v11.0'<!-- [et_pb_line_break_holder] -->        });<!-- [et_pb_line_break_holder] -->      };<!-- [et_pb_line_break_holder] --><!-- [et_pb_line_break_holder] -->      (function(d, s, id) {<!-- [et_pb_line_break_holder] -->        var js, fjs = d.getElementsByTagName(s)[0];<!-- [et_pb_line_break_holder] -->        if (d.getElementById(id)) return;<!-- [et_pb_line_break_holder] -->        js = d.createElement(s); js.id = id;<!-- [et_pb_line_break_holder] -->        js.src = 'https:\/\/connect.facebook.net\/es_LA\/sdk\/xfbml.customerchat.js';<!-- [et_pb_line_break_holder] -->        fjs.parentNode.insertBefore(js, fjs);<!-- [et_pb_line_break_holder] -->      }(document, 'script', 'facebook-jssdk'));<!-- [et_pb_line_break_holder] -->    <\/script>[\/et_pb_code][\/et_pb_column][et_pb_column type=&#8221;1_5&#8243; _builder_version=&#8221;4.16&#8243; _module_preset=&#8221;default&#8221; global_colors_info=&#8221;{}&#8221;][et_pb_image src=&#8221;http:\/\/gruporitar.com.mx\/wp-content\/uploads\/2021\/06\/LOGO-RITAR-LOW-pie.png&#8221; title_text=&#8221;LOGO-RITAR-LOW-pie&#8221; align=&#8221;center&#8221; _builder_version=&#8221;4.16&#8243; _module_preset=&#8221;default&#8221; global_colors_info=&#8221;{}&#8221;][\/et_pb_image][et_pb_text _builder_version=&#8221;4.16&#8243; _module_preset=&#8221;default&#8221; text_font=&#8221;Raleway||||||||&#8221; text_text_color=&#8221;#FFFFFF&#8221; text_font_size=&#8221;10px&#8221; text_orientation=&#8221;center&#8221; custom_margin=&#8221;||15px|||&#8221; global_colors_info=&#8221;{}&#8221;]<\/p>\n<div id=\"imFooter_imObjectTitle_09_wrapper\" class=\"template-object-wrapper\">\n<div id=\"imFooter_imCell_9\" class=\"\">\n<div id=\"imFooter_imCellStyle_9\">\n<div id=\"imFooter_imObjectTitle_09\"><span id=\"imFooter_imObjectTitle_09_text\">PROPIEDAD DE GRUPO RITAR SITIO 2018 V.1<\/span><\/div>\n<\/div>\n<\/div>\n<\/div>\n<p>[\/et_pb_text][\/et_pb_column][\/et_pb_row][\/et_pb_section]<\/p>\n","protected":false},"excerpt":{"rendered":"<p>NUESTRA EMPRESA Empresa 100% Mexicana dedicada a&#8230;<\/p>\n","protected":false},"author":1,"featured_media":0,"parent":0,"menu_order":0,"comment_status":"closed","ping_status":"closed","template":"","meta":{"_et_pb_use_builder":"on","_et_pb_old_content":"","_et_gb_content_width":"","site-sidebar-layout":"no-sidebar","site-content-layout":"page-builder","ast-global-header-display":"","ast-banner-title-visibility":"","ast-main-header-display":"","ast-hfb-above-header-display":"","ast-hfb-below-header-display":"","ast-hfb-mobile-header-display":"","site-post-title":"disabled","ast-breadcrumbs-content":"","ast-featured-img":"","footer-sml-layout":"disabled","theme-transparent-header-meta":"default","adv-header-id-meta":"","stick-header-meta":"","header-above-stick-meta":"","header-main-stick-meta":"","header-below-stick-meta":"","footnotes":""},"class_list":["post-13","page","type-page","status-publish","hentry"],"_links":{"self":[{"href":"http:\/\/gruporitar.com.mx\/index.php?rest_route=\/wp\/v2\/pages\/13","targetHints":{"allow":["GET"]}}],"collection":[{"href":"http:\/\/gruporitar.com.mx\/index.php?rest_route=\/wp\/v2\/pages"}],"about":[{"href":"http:\/\/gruporitar.com.mx\/index.php?rest_route=\/wp\/v2\/types\/page"}],"author":[{"embeddable":true,"href":"http:\/\/gruporitar.com.mx\/index.php?rest_route=\/wp\/v2\/users\/1"}],"replies":[{"embeddable":true,"href":"http:\/\/gruporitar.com.mx\/index.php?rest_route=%2Fwp%2Fv2%2Fcomments&post=13"}],"version-history":[{"count":6,"href":"http:\/\/gruporitar.com.mx\/index.php?rest_route=\/wp\/v2\/pages\/13\/revisions"}],"predecessor-version":[{"id":763,"href":"http:\/\/gruporitar.com.mx\/index.php?rest_route=\/wp\/v2\/pages\/13\/revisions\/763"}],"wp:attachment":[{"href":"http:\/\/gruporitar.com.mx\/index.php?rest_route=%2Fwp%2Fv2%2Fmedia&parent=13"}],"curies":[{"name":"wp","href":"https:\/\/api.w.org\/{rel}","templated":true}]}}